{"id":5264,"date":"2023-10-05T15:24:54","date_gmt":"2023-10-05T13:24:54","guid":{"rendered":"https:\/\/www.herenz.de\/?page_id=5264"},"modified":"2023-10-26T15:27:59","modified_gmt":"2023-10-26T13:27:59","slug":"ausbildung","status":"publish","type":"page","link":"https:\/\/www.herenz.de\/en\/ausbildung\/","title":{"rendered":"Ausbildung"},"content":{"rendered":"<div class=\"hero-banner\" id=\"block_6399be77b254a\">\n\t\t\t<div class=\"swiper\">\n            <div class=\"swiper-wrapper\">\n                                                                                <div class=\"swiper-slide\">\n                            <img loading=\"lazy\" decoding=\"async\" src=\"https:\/\/www.herenz.de\/wp-content\/uploads\/2023\/08\/titelbild-gruen-download-data.jpg\" alt=\"\" width=\"1920\" height=\"1080\" \/>\n                        <\/div>\n                                                <\/div>\n            \t\t<\/div>\n\t\t<div class=\"inner\">\n\t\t<div class=\"text\">\n\t\t\t\t\t\t\t<h1>Unser Team wartet auf Dich!<\/h1>\n\t\t\t\t\t\t\t\t\t\t<p>Werde ein Teil von Heinz Herenz<\/p>\n\t\t\t\t        \t            <div class=\"button-grp\">\n                        <a class=\"button secondary\" href=\"#open-vacancies-block\" target=\"_self\">\n        <span>Ausbildungsangebote<\/span>\n    <\/a>\n\t                    <a class=\"button white\" href=\"mailto:anja.fischer@herenz.de \" target=\"_self\">\n        <span>Initiativbewerbung<\/span>\n    <\/a>\n\t\t\t<\/div>\n\t        \t\t<\/div>\n\t<\/div>\n<\/div>\n\n<div class=\"space-extralarge\">\n<\/div>\n\n\n<div class=\"space-extralarge\">\n<\/div>\n\n\n\n<div class=\"wp-block-group\"><div class=\"wp-block-group__inner-container\">\n\t\t\t\n\t\t<div id=\"block_651e85128be25\" class=\"two-columns inner resetInner\">\n\n\n\t\t\t<div class=\"column left\">\n\n\t\n\t\t\t\t<h2 class=\"headline\">\n\t\t\t\t\tWir bilden aus: \t\t\t\t<\/h2>\n\t\t\n\n\t\t\t\t\t\t\t\t\t\n\t\t\t\t<p><a href=\"https:\/\/www.herenz.de\/wp-content\/uploads\/2023\/10\/IHK-logo.svg\"><img loading=\"lazy\" decoding=\"async\" class=\"alignnone size-thumbnail wp-image-5135\" src=\"https:\/\/www.herenz.de\/wp-content\/uploads\/2023\/10\/IHK-logo.svg\" alt=\"\" width=\"150\" height=\"75\" \/><\/a><\/p>\n\n\t\t\t\t\n\t\t\t<\/div>\n\n\t\t\t\t\t\t\t\n\t\t\t\t<div class=\"column right\">\n\n\t\t\t\t\t<div class=\"\">\n\t\t\t\t\t\t<h3>Dein Sprungbrett in die Berufswelt<\/h3>\n<h4>Wir unterst\u00fctzen die Ausbildungskampagne #k\u00f6nnenlernen der IHK<\/h4>\n<p>Als stolzer Unterst\u00fctzer der IHK-Ausbildungskampagne <strong>#k\u00f6nnenlernen<\/strong> legen wir gro\u00dfen Wert auf qualifizierte Ausbildung. Bei uns startest du nicht einfach nur ins Berufsleben \u2013 du wirst Teil eines Teams, das dich von Anfang an f\u00f6rdert. Nach einer umfassenden Schulung und Einarbeitung \u00fcbernimmst du Schritt f\u00fcr Schritt eigenverantwortliche Aufgaben.<\/p>\n<p><strong>Ob im Verkauf, bei der Kundenberatung am Telefon oder im Einkauf<\/strong> \u2013 du bist von Tag eins an aktiv dabei.<\/p>\n<p>Und das Beste?<\/p>\n<p>Du hast sogar die M\u00f6glichkeit, an deinem <strong>eigenen Azubi-Projekt<\/strong> zu arbeiten und so deine Skills auf das n\u00e4chste Level zu bringen.<\/p>\n\t\t\t\t\t<\/div>\n\n\t\t\t\t<\/div>\n\n\t\t\t\n\t\t<\/div>\n\n\t<\/div><\/div>\n\n\n<div class=\"space-medium\">\n<\/div>\n\n\n\n<div class=\"wp-block-group\"><div class=\"wp-block-group__inner-container\">\n<div class=\"wp-block-columns\">\n<div class=\"wp-block-column\">\n<figure class=\"wp-block-image size-full is-resized\"><img loading=\"lazy\" decoding=\"async\" src=\"https:\/\/www.herenz.de\/wp-content\/uploads\/2023\/10\/stelle1.jpg\" alt=\"\" class=\"wp-image-5507\" width=\"682\" height=\"454\" srcset=\"https:\/\/www.herenz.de\/wp-content\/uploads\/2023\/10\/stelle1.jpg 900w, https:\/\/www.herenz.de\/wp-content\/uploads\/2023\/10\/stelle1-150x100.jpg 150w, https:\/\/www.herenz.de\/wp-content\/uploads\/2023\/10\/stelle1-768x512.jpg 768w\" sizes=\"auto, (max-width: 682px) 100vw, 682px\" \/><\/figure>\n\n\n<div class=\"space-small\">\n<\/div>\n\n\n\n<h3 class=\"wp-block-heading\">Ausbildung zur Fachlagerist \/ Fachlageristin<\/h3>\n\n\n\n<p><strong>Ihre Aufgaben:<\/strong><\/p>\n\n\n\n<ul class=\"wp-block-list\"><li>Annahme von Gu\u0308tern und Pru\u0308fung der Lieferung anhand der Begleitpapiere<\/li><li>Ein- und Auspacken von Gu\u0308tern, sortieren und lagern nach wirtschaftlichen Grunds\u00e4tzen unter Beachtung der Lagerordnung<\/li><li>Kommissionierung und Verpacken der Gu\u0308ter fu\u0308r den Versand an den Kunden<\/li><li>Kennzeichnung, Beschriftung und Sicherung der Sendung nach gesetzlichen Vorgaben<\/li><li>Verladen und Verstauen der Sendung anhand von Begleitpapieren je nach Transportmittel<\/li><\/ul>\n\n\n\n\n\n\t<ul class=\"icon-list\" id=\"block_65251b4213741\">\n\n\t\t\n\t\t\t\n\t\t\t\t\t\t\t\n\t\t\t\t<li class=\"flex-between\">\n\t\t\t\t\t\t\t\t\t\t\t\t<img loading=\"lazy\" decoding=\"async\" src=\"https:\/\/www.herenz.de\/wp-content\/uploads\/2023\/10\/clock.svg\" width=\"30\" height=\"30\" \/>\n\t\t\t\t\t\t\t<p><!-- wp:paragraph --><\/p>\n<p><strong>Arbeitszeit<\/strong> 40 h\/Woche<\/p>\n<p><!-- \/wp:paragraph --><\/p>\n\t\t\t\t\t\t\t\t\t<\/li>\n\n\t\t\t\t\t\t\n\t\t\n\t\t\t\n\t\t\t\t\t\t\t\n\t\t\t\t<li class=\"flex-between\">\n\t\t\t\t\t\t\t\t\t\t\t\t<img loading=\"lazy\" decoding=\"async\" src=\"https:\/\/www.herenz.de\/wp-content\/uploads\/2023\/10\/briefcase.svg\" width=\"30\" height=\"30\" \/>\n\t\t\t\t\t\t\t<p><strong>Qualifikation<\/strong> Guter erste allgemeinbildende Schulabschluss<br \/>\n(ESA)<\/p>\n\t\t\t\t\t\t\t\t\t<\/li>\n\n\t\t\t\t\t\t\n\t\t\n\t\t\t\n\t\t\t\t\t\t\t\n\t\t\t\t<li class=\"flex-between\">\n\t\t\t\t\t\t\t\t\t\t\t\t<img loading=\"lazy\" decoding=\"async\" src=\"https:\/\/www.herenz.de\/wp-content\/uploads\/2023\/10\/money.svg\" width=\"30\" height=\"30\" \/>\n\t\t\t\t\t\t\t<p><strong>Verdienst<\/strong> 1.100\u20ac brutto im 1. Lehrjahr<\/p>\n\t\t\t\t\t\t\t\t\t<\/li>\n\n\t\t\t\t\t\t\n\t\t\n\t<\/ul>\n\t\n<\/div>\n\n\n\n<div class=\"wp-block-column\">\n<figure class=\"wp-block-image size-full\"><img loading=\"lazy\" decoding=\"async\" width=\"900\" height=\"600\" src=\"https:\/\/www.herenz.de\/wp-content\/uploads\/2023\/10\/stelle2.jpg\" alt=\"\" class=\"wp-image-5509\" srcset=\"https:\/\/www.herenz.de\/wp-content\/uploads\/2023\/10\/stelle2.jpg 900w, https:\/\/www.herenz.de\/wp-content\/uploads\/2023\/10\/stelle2-150x100.jpg 150w, https:\/\/www.herenz.de\/wp-content\/uploads\/2023\/10\/stelle2-768x512.jpg 768w\" sizes=\"auto, (max-width: 900px) 100vw, 900px\" \/><\/figure>\n\n\n<div class=\"space-small\">\n<\/div>\n\n\n\n<h3 class=\"wp-block-heading\">Ausbildung zur Kauffrau\/-mann f\u00fcr Gro\u00df- und Au\u00dfenhandelsmanagement<\/h3>\n\n\n\n<p><strong>Ihre Aufgaben:<\/strong><\/p>\n\n\n\n<ul class=\"wp-block-list\"><li>Erlangung tiefgreifender Kenntnisse bei der Betreuung unserer Kunden in den Bereichen, Verkauf, Einkauf, Logistik<\/li><li>Mit Hilfe unsers hauseigenen Datenverarbeitungssystems und modernsten Kommunikationsmitteln werden Sie lernen, die wichtigen Aufgaben des Bu\u0308romanagements erfolgreich zu bew\u00e4ltigen<\/li><\/ul>\n\n\n\n\n\n\t<ul class=\"icon-list\" id=\"block_65251aa113740\">\n\n\t\t\n\t\t\t\n\t\t\t\t\t\t\t\n\t\t\t\t<li class=\"flex-between\">\n\t\t\t\t\t\t\t\t\t\t\t\t<img loading=\"lazy\" decoding=\"async\" src=\"https:\/\/www.herenz.de\/wp-content\/uploads\/2023\/10\/clock.svg\" width=\"30\" height=\"30\" \/>\n\t\t\t\t\t\t\t<p><!-- wp:paragraph --><\/p>\n<p><strong>Arbeitszeit<\/strong> 40 h\/Woche<\/p>\n<p><!-- \/wp:paragraph --><\/p>\n\t\t\t\t\t\t\t\t\t<\/li>\n\n\t\t\t\t\t\t\n\t\t\n\t\t\t\n\t\t\t\t\t\t\t\n\t\t\t\t<li class=\"flex-between\">\n\t\t\t\t\t\t\t\t\t\t\t\t<img loading=\"lazy\" decoding=\"async\" src=\"https:\/\/www.herenz.de\/wp-content\/uploads\/2023\/10\/briefcase.svg\" width=\"30\" height=\"30\" \/>\n\t\t\t\t\t\t\t<p><strong>Qualifikation<\/strong> Fachhoch- oder Hochschulreife<\/p>\n\t\t\t\t\t\t\t\t\t<\/li>\n\n\t\t\t\t\t\t\n\t\t\n\t\t\t\n\t\t\t\t\t\t\t\n\t\t\t\t<li class=\"flex-between\">\n\t\t\t\t\t\t\t\t\t\t\t\t<img loading=\"lazy\" decoding=\"async\" src=\"https:\/\/www.herenz.de\/wp-content\/uploads\/2023\/10\/money.svg\" width=\"30\" height=\"30\" \/>\n\t\t\t\t\t\t\t<p><strong>Verdienst<\/strong> 1.300\u20ac brutto im 1. Lehrjahr<\/p>\n\t\t\t\t\t\t\t\t\t<\/li>\n\n\t\t\t\t\t\t\n\t\t\n\t<\/ul>\n\t\n<\/div>\n<\/div>\n<\/div><\/div>\n\n\n<div class=\"space-medium\">\n<\/div>\n\n\n<p id=\"block_65251bdb13746\" class=\"button-grp aligncenter\">\n\t    <a class=\"button main\" href=\"#open-vacancies-block\" target=\"\">\n        <span>Unsere Stellenangebote<\/span>\n    <\/a>\n\t<\/p>\n\n\n<div class=\"space-extralarge\">\n<\/div>\n\n\n\n<div class=\"content-tiles\" id=\"block_636293bc072b6\">\n\n\t\t<div class=\"content\">\n\t\t\t<div>\n\t\t\t\t\t\t\t\t\t<h5 class=\"subline\">Karriere bei Hein Herenz<\/h5>\n\t\t\t\t\t\t\t\t\t\t\t\t\t<h2 class=\"headline\">Heinz Herenz &#8211; Ihr potenzieller Arbeitgeber <\/h2>\n\t\t\t\t\t\t\t\t\t\t\t\t\t<p class=\"text\">Seit \u00fcber 70 Jahren vertreiben wir Verbrauchsartikel f\u00fcr Krankenh\u00e4user, Laborbedarf und Mikrobiologie Zubeh\u00f6r \u2013 weltweiter Gro\u00dfhandel und Export, sowie eigene Produktionen machen unser Gesch\u00e4ft spannend und vielf\u00e4ltig. Wir sind ein Familienunternehmen \u2013 traditionell mit Mut und Trend zur stetigen Weiterentwicklung und Flexibilit\u00e4t am Markt- mit Firmensitz in Hamburg.<\/p>\n\t\t\t\t\n\t\t\t\t\t\t\t\t\t<div class=\"button-grp\">\n\t\t\t\t\t\t    <a class=\"button main\" href=\"#open-vacancies-block\" target=\"\">\n        <span>Unsere offenen Stellen ansehen<\/span>\n    <\/a>\n\t\t\t\t\t\t\t\t\t\t\t<\/div>\n\t\t\t\t\t\t\t<\/div>\n\t\t<\/div>\n\n\t\t\t\t\t<div class=\"tiles-container\">\n\n\t\t\t\t<section class=\"tile tile-light\">\n\t\t\t\t\t<div>\n\t\t\t\t\t\t\t\t\t\t\t\t\t<h6 class=\"subline\">Kompetenz<\/h6>\n\t\t\t\t\t\t\t\t\t\t\t\t<div class=\"bottom\">\n\t\t\t\t\t\t\t\t\t\t\t\t\t\t\t<p class=\"count\">75<\/p>\n\t\t\t\t\t\t\t\n\t\t\t\t\t\t\t\t\t\t\t\t\t\t\t<h5 class=\"subline\">Jahre Erfahrung<\/h5>\n\t\t\t\t\t\t\t\t\t\t\t\t\t<\/div>\n\t\t\t\t\t<\/div>\n\t\t\t\t<\/section>\n\n\n\t\t\t\t\t\t\t\t\t<section class=\"tile image_top_right\">\n\t\t\t\t\t\t\t<img loading=\"lazy\" decoding=\"async\" src=\"https:\/\/www.herenz.de\/wp-content\/uploads\/2023\/10\/erfahrung_heinz.jpg\" alt=\"\" width=\"480\" height=\"480\" \/>\n\t\t\t\t\t<\/section>\n\t\t\t\t\n\n\t\t\t\t\t\t\t\t\t<section class=\"tile image_bottom_left\">\n\t\t\t\t\t\t\t<img loading=\"lazy\" decoding=\"async\" src=\"https:\/\/www.herenz.de\/wp-content\/uploads\/2023\/10\/erfahrung_mitarbeiter.jpg\" alt=\"\" width=\"480\" height=\"480\" \/>\n\t\t\t\t\t<\/section>\n\t\t\t\t\n\t\t\t\t\t\t\t\t\t<section class=\"tile tile-dark\">\n\t\t\t\t\t\t<div>\n\t\t\t\t\t\t\t\t\t\t\t\t\t\t\t<h6 class=\"subline\">Team<\/h6>\n\t\t\t\t\t\t\t\n\t\t\t\t\t\t\t<div class=\"bottom\">\n\t\t\t\t\t\t\t\t\t\t\t\t\t\t\t\t\t<p class=\"count\">35<\/p>\n\t\t\t\t\t\t\t\t\n\t\t\t\t\t\t\t\t\t\t\t\t\t\t\t\t\t<h5 class=\"subline\">Mitarbeiter<\/h5>\n\t\t\t\t\t\t\t\t\t\t\t\t\t\t\t<\/div>\n\t\t\t\t\t\t<\/div>\n\t\t\t\t\t<\/section>\n\t\t\t\t\n            <\/div>\n        \n<\/div>\n\n<div id=\"block_651e96cbd0eb2\" class=\"background\"  >\n    <div class=\"inner\">\n        \n\n<div class=\"wp-block-columns\">\n<div class=\"wp-block-column\">\n<h5 class=\"wp-block-heading\">Unternehmen<\/h5>\n\n\n\n<h2 class=\"wp-block-heading\">Warum du HERENZ als potentieller Azubi lieben wirst<\/h2>\n\n\n\n<p>Ein Familienunternhemen mit zahlreichen Vorteilen und Teamveranstaltungen erwartet dich!<\/p>\n\n\n<div class=\"space-medium\">\n<\/div>\n<\/div>\n\n\n\n<div class=\"wp-block-column\"><\/div>\n<\/div>\n\n\n<div class=\"teaser-list-container\">\n\n    \n        <div class=\"teaser-list\">\n\n            \n\n                <article class=\"teaser\">\n\n                    <div class=\"wysiwyg\">\n                        <h3><\/h3>\n<h4 style=\"color: #000;\"><img loading=\"lazy\" decoding=\"async\" class=\"alignnone size-full wp-image-5471\" src=\"https:\/\/www.herenz.de\/wp-content\/uploads\/2023\/10\/group-chat-1.svg\" alt=\"\" width=\"50\" height=\"50\" \/><br \/>\nBei HERENZ gestaltest du deine eigene berufliche Zukunft.<\/h4>\n<p>In unserem Unternehmen bestimmst du selbst deinen Karriereweg.<\/p>\n<p>Wenn du Interesse an unserer Branche hast und kontinuierlich wachsen m\u00f6chtest, stehen dir bei HERENZ alle T\u00fcren offen!<\/p>\n                    <\/div>\n\n                <\/article>\n\n            \n\n                <article class=\"teaser\">\n\n                    <div class=\"wysiwyg\">\n                        <h3><a href=\"https:\/\/www.herenz.de\/wp-content\/uploads\/2023\/10\/signpost-1.svg\"><img loading=\"lazy\" decoding=\"async\" class=\"alignnone size-full wp-image-5474\" src=\"https:\/\/www.herenz.de\/wp-content\/uploads\/2023\/10\/signpost-1.svg\" alt=\"\" width=\"40\" height=\"40\" \/><\/a><\/h3>\n<h4 style=\"color: #000;\">Ein unterst\u00fctzendes Umfeld, das dich begleitet.<\/h4>\n<p>Vom Einsatz auf der Baustelle bis zur Arbeit im B\u00fcro und zur\u00fcck?<\/p>\n<p>Bei HERENZ f\u00f6rdern wir deine Talente und unterst\u00fctzen dich auf dem Weg, deine beruflichen Ziele zu erreichen.<\/p>\n<p>Egal ob durch Schulungen, Weiterbildungen oder die M\u00f6glichkeit eines Positionswechsels \u2013 wir sind stets an deiner Seite.<\/p>\n                    <\/div>\n\n                <\/article>\n\n            \n\n                <article class=\"teaser\">\n\n                    <div class=\"wysiwyg\">\n                        <h3><a href=\"https:\/\/www.herenz.de\/wp-content\/uploads\/2023\/10\/party-blower-1.svg\"><img loading=\"lazy\" decoding=\"async\" class=\"alignnone size-full wp-image-5476\" src=\"https:\/\/www.herenz.de\/wp-content\/uploads\/2023\/10\/party-blower-1.svg\" alt=\"\" width=\"40\" height=\"40\" \/><\/a><\/h3>\n<h4 style=\"color: #000;\">Mehr als nur Arbeit.<\/h4>\n<p>HERENZ bietet weit mehr als nur berufliche T\u00e4tigkeit.<\/p>\n<p>Bei uns erwarten dich regelm\u00e4\u00dfige Team-Events, fr\u00f6hliche Feiern und gesellige Zusammenk\u00fcnfte.<\/p>\n<p>Denn ein starkes Team und eine gute Gemeinschaft sind uns besonders wichtig.<\/p>\n                    <\/div>\n\n                <\/article>\n\n            \n        <\/div>\n            \n    \n<\/div>\n\n    <\/div>\n<\/div>\n\n<div class=\"space-large\">\n<\/div>\n\n\n\n<div class=\"wp-block-group\"><div class=\"wp-block-group__inner-container\">\n<h5 class=\"wp-block-heading\">Karriere und Komfort<\/h5>\n\n\n\n<h2 class=\"wp-block-heading\">Entdecke unsere unschlagbaren Jobvorteile!<\/h2>\n<\/div><\/div>\n\n\n<div class=\"space-extralarge\">\n<\/div>\n\n\n\n<div class=\"slider-tabs\">\n\t<div class=\"inner\">\n\t\t\t\t\t<div class=\"tabs-content\">\n\t\t\t\t\n\t\t\t\t\t<div class=\"item\" title=\"Berufsausbildung\">\n\t\t\t\t\t\t<div class=\"content\">\n\n\t\t\t\t\t\t\t\t\t\t\t\t\t\t\t\t\t<h5 class=\"subline\">Dein Sprungbrett in die internationale Handelswelt<\/h5>\n\t\t\t\t\t\t\t\t\n\t\t\t\t\t\t\t\t\t\t\t\t\t\t\t\t\t<h2 class=\"headline\">Lerne, wachse und starte mit uns durch!<\/h2>\n\t\t\t\t\t\t\t\t\n\t\t\t\t\t\t\t<div class=\"text\">\n\t\t\t\t\t\t\t\tWir bieten dir eine fundierte Berufsausbildung in einem internationalen Handelsunternehmen.\t\t\t\t\t\t\t<\/div>\n\n\t\t\t\t\t\t\t\n\t\t\t\t\t\t<\/div>\n\t\t\t\t\t<\/div>\n\t\t\t\t\n\t\t\t\t\t<div class=\"item\" title=\"Verg\u00fctung\">\n\t\t\t\t\t\t<div class=\"content\">\n\n\t\t\t\t\t\t\t\t\t\t\t\t\t\t\t\t\t<h5 class=\"subline\">Sichere Deine Zukunft<\/h5>\n\t\t\t\t\t\t\t\t\n\t\t\t\t\t\t\t\t\t\t\t\t\t\t\t\t\t<h2 class=\"headline\"> Profitiere von einer fairen Ausbildungsverg\u00fctung <\/h2>\n\t\t\t\t\t\t\t\t\n\t\t\t\t\t\t\t<div class=\"text\">\n\t\t\t\t\t\t\t\tWir bieten dir eine Ausbildungsverg\u00fctung, die den aktuellen Empfehlungen der Hamburger Handelskammer entspricht, um eine faire und unterst\u00fctzende Entlohnung w\u00e4hrend deiner Ausbildungszeit sicherzustellen.\t\t\t\t\t\t\t<\/div>\n\n\t\t\t\t\t\t\t\t\t\t\t\t\t\t\t<div class=\"button-container\">\n\t\t\t\t\t\t\t\t\t    <a class=\"button main\" href=\"https:\/\/www.herenz.de\/ausbildung\/\" target=\"\">\n        <span>Stellenangebote \u2013 Ausbildung \u2013 Inhalt<\/span>\n    <\/a>\n\t\t\t\t\t\t\t\t<\/div>\n\t\t\t\t\t\t\t\n\t\t\t\t\t\t<\/div>\n\t\t\t\t\t<\/div>\n\t\t\t\t\n\t\t\t\t\t<div class=\"item\" title=\"Work-Life-Balance\">\n\t\t\t\t\t\t<div class=\"content\">\n\n\t\t\t\t\t\t\t\t\t\t\t\t\t\t\t\t\t<h5 class=\"subline\">Flexibilit\u00e4t im Berufsalltag<\/h5>\n\t\t\t\t\t\t\t\t\n\t\t\t\t\t\t\t\t\t\t\t\t\t\t\t\t\t<h2 class=\"headline\"> Gleitzeit und anpassbare Arbeitszeiten f\u00fcr Ihre Balance<\/h2>\n\t\t\t\t\t\t\t\t\n\t\t\t\t\t\t\t<div class=\"text\">\n\t\t\t\t\t\t\t\tBei uns profitierst du von Gleitzeit und flexiblen Arbeitszeiten, sodass du deinen Arbeitstag optimal an deine Bed\u00fcrfnisse anpassen kannst\t\t\t\t\t\t\t<\/div>\n\n\t\t\t\t\t\t\t\n\t\t\t\t\t\t<\/div>\n\t\t\t\t\t<\/div>\n\t\t\t\t\n\t\t\t\t\t<div class=\"item\" title=\"HVV-Zuschuss\">\n\t\t\t\t\t\t<div class=\"content\">\n\n\t\t\t\t\t\t\t\t\t\t\t\t\t\t\t\t\t<h5 class=\"subline\">Unterwegs mit Bonus<\/h5>\n\t\t\t\t\t\t\t\t\n\t\t\t\t\t\t\t\t\t\t\t\t\t\t\t\t\t<h2 class=\"headline\">Dein HVV-Ticket f\u00fcr Azubis, von uns unterst\u00fctzt.<\/h2>\n\t\t\t\t\t\t\t\t\n\t\t\t\t\t\t\t<div class=\"text\">\n\t\t\t\t\t\t\t\tAls Azubi bei uns genie\u00dft du den Vorteil des HVV Bonus-Tickets, um deine t\u00e4glichen Wege bequem und kosteng\u00fcnstig zu gestalten\t\t\t\t\t\t\t<\/div>\n\n\t\t\t\t\t\t\t\n\t\t\t\t\t\t<\/div>\n\t\t\t\t\t<\/div>\n\t\t\t\t\n\t\t\t\t\t<div class=\"item\" title=\"Motiviertes Team \">\n\t\t\t\t\t\t<div class=\"content\">\n\n\t\t\t\t\t\t\t\t\t\t\t\t\t\t\t\t\t<h5 class=\"subline\">Gemeinsam stark<\/h5>\n\t\t\t\t\t\t\t\t\n\t\t\t\t\t\t\t\t\t\t\t\t\t\t\t\t\t<h2 class=\"headline\">Werde Teil unseres engagierten Teams und entfalte dein Potenzial<\/h2>\n\t\t\t\t\t\t\t\t\n\t\t\t\t\t\t\t<div class=\"text\">\n\t\t\t\t\t\t\t\tBei uns findest du ein professionelles und hoch motiviertes Team sowie ein inspirierendes Umfeld, um gemeinsam Top-Performance zu erbringen.\r\n\t\t\t\t\t\t\t<\/div>\n\n\t\t\t\t\t\t\t\n\t\t\t\t\t\t<\/div>\n\t\t\t\t\t<\/div>\n\t\t\t\t\n\t\t\t\t\t<div class=\"item\" title=\"Office-Extras\">\n\t\t\t\t\t\t<div class=\"content\">\n\n\t\t\t\t\t\t\t\t\t\t\t\t\t\t\t\t\t<h5 class=\"subline\">Gemeinsam genie\u00dfen<\/h5>\n\t\t\t\t\t\t\t\t\n\t\t\t\t\t\t\t\t\t\t\t\t\t\t\t\t\t<h2 class=\"headline\"> Freitagsfr\u00fchst\u00fcck, Snacks und mehr im B\u00fcroalltag<\/h2>\n\t\t\t\t\t\t\t\t\n\t\t\t\t\t\t\t<div class=\"text\">\n\t\t\t\t\t\t\t\tBei uns erwartet dich t\u00e4glich frischer Kaffee, Wasser, Obst und eine Snackbox, w\u00e4hrend das \u201eFamilienfr\u00fchst\u00fcck\u201c am Freitag und ein Zuschuss zum Mittagessen zus\u00e4tzliche Akzente setzen. Zudem sorgt Musik am Arbeitsplatz f\u00fcr eine angenehme Atmosph\u00e4re.\t\t\t\t\t\t\t<\/div>\n\n\t\t\t\t\t\t\t\n\t\t\t\t\t\t<\/div>\n\t\t\t\t\t<\/div>\n\t\t\t\t\t\t\t<\/div>\n\t\t\t<\/div>\n<\/div>\n\n\n<div class=\"space-large\">\n<\/div>\n","protected":false},"excerpt":{"rendered":"Ausbildung zur Fachlagerist \/ Fachlageristin Ihre Aufgaben: Annahme von Gu\u0308tern und Pru\u0308fung der Lieferung anhand der Begleitpapiere Ein- und Auspacken von Gu\u0308tern, sortieren und lagern nach wirtschaftlichen Grunds\u00e4tzen unter Beachtung der Lagerordnung Kommissionierung und Verpacken der Gu\u0308ter fu\u0308r den Versand an den Kunden Kennzeichnung, Beschriftung und Sicherung der Sendung nach gesetzlichen Vorgaben Verladen und Verstauen&#8230; <a class=\"view-article\" href=\"https:\/\/www.herenz.de\/en\/ausbildung\/\">View Article<\/a>","protected":false},"author":1,"featured_media":0,"parent":0,"menu_order":0,"comment_status":"closed","ping_status":"closed","template":"page-lp-azubi.php","meta":{"_acf_changed":false,"inline_featured_image":false,"footnotes":""},"class_list":["post-5264","page","type-page","status-publish","hentry"],"acf":[],"yoast_head":"<!-- This site is optimized with the Yoast SEO plugin v27.2 - https:\/\/yoast.com\/product\/yoast-seo-wordpress\/ -->\n<title>Ausbildung - Heinz Herenz<\/title>\n<meta name=\"robots\" content=\"index, follow, max-snippet:-1, max-image-preview:large, max-video-preview:-1\" \/>\n<link rel=\"canonical\" href=\"https:\/\/www.herenz.de\/en\/ausbildung\/\" \/>\n<meta property=\"og:locale\" content=\"en_US\" \/>\n<meta property=\"og:type\" content=\"article\" \/>\n<meta property=\"og:title\" content=\"Ausbildung - Heinz Herenz\" \/>\n<meta property=\"og:description\" content=\"Ausbildung zur Fachlagerist \/ Fachlageristin Ihre Aufgaben: Annahme von Gu\u0308tern und Pru\u0308fung der Lieferung anhand der Begleitpapiere Ein- und Auspacken von Gu\u0308tern, sortieren und lagern nach wirtschaftlichen Grunds\u00e4tzen unter Beachtung der Lagerordnung Kommissionierung und Verpacken der Gu\u0308ter fu\u0308r den Versand an den Kunden Kennzeichnung, Beschriftung und Sicherung der Sendung nach gesetzlichen Vorgaben Verladen und Verstauen... View Article\" \/>\n<meta property=\"og:url\" content=\"https:\/\/www.herenz.de\/en\/ausbildung\/\" \/>\n<meta property=\"og:site_name\" content=\"Heinz Herenz\" \/>\n<meta property=\"article:modified_time\" content=\"2023-10-26T13:27:59+00:00\" \/>\n<meta property=\"og:image\" content=\"https:\/\/www.herenz.de\/wp-content\/uploads\/2023\/10\/stelle1.jpg\" \/>\n<script type=\"application\/ld+json\" class=\"yoast-schema-graph\">{\"@context\":\"https:\/\/schema.org\",\"@graph\":[{\"@type\":\"WebPage\",\"@id\":\"https:\/\/www.herenz.de\/en\/ausbildung\/\",\"url\":\"https:\/\/www.herenz.de\/en\/ausbildung\/\",\"name\":\"Ausbildung - Heinz Herenz\",\"isPartOf\":{\"@id\":\"https:\/\/www.herenz.de\/en\/#website\"},\"primaryImageOfPage\":{\"@id\":\"https:\/\/www.herenz.de\/en\/ausbildung\/#primaryimage\"},\"image\":{\"@id\":\"https:\/\/www.herenz.de\/en\/ausbildung\/#primaryimage\"},\"thumbnailUrl\":\"https:\/\/www.herenz.de\/wp-content\/uploads\/2023\/10\/stelle1.jpg\",\"datePublished\":\"2023-10-05T13:24:54+00:00\",\"dateModified\":\"2023-10-26T13:27:59+00:00\",\"breadcrumb\":{\"@id\":\"https:\/\/www.herenz.de\/en\/ausbildung\/#breadcrumb\"},\"inLanguage\":\"en-US\",\"potentialAction\":[{\"@type\":\"ReadAction\",\"target\":[\"https:\/\/www.herenz.de\/en\/ausbildung\/\"]}]},{\"@type\":\"ImageObject\",\"inLanguage\":\"en-US\",\"@id\":\"https:\/\/www.herenz.de\/en\/ausbildung\/#primaryimage\",\"url\":\"https:\/\/www.herenz.de\/wp-content\/uploads\/2023\/10\/stelle1.jpg\",\"contentUrl\":\"https:\/\/www.herenz.de\/wp-content\/uploads\/2023\/10\/stelle1.jpg\"},{\"@type\":\"BreadcrumbList\",\"@id\":\"https:\/\/www.herenz.de\/en\/ausbildung\/#breadcrumb\",\"itemListElement\":[{\"@type\":\"ListItem\",\"position\":1,\"name\":\"Home\",\"item\":\"https:\/\/www.herenz.de\/en\/\"},{\"@type\":\"ListItem\",\"position\":2,\"name\":\"Ausbildung\"}]},{\"@type\":\"WebSite\",\"@id\":\"https:\/\/www.herenz.de\/en\/#website\",\"url\":\"https:\/\/www.herenz.de\/en\/\",\"name\":\"Heinz Herenz\",\"description\":\"Medizinalbedarf GmbH\",\"potentialAction\":[{\"@type\":\"SearchAction\",\"target\":{\"@type\":\"EntryPoint\",\"urlTemplate\":\"https:\/\/www.herenz.de\/en\/?s={search_term_string}\"},\"query-input\":{\"@type\":\"PropertyValueSpecification\",\"valueRequired\":true,\"valueName\":\"search_term_string\"}}],\"inLanguage\":\"en-US\"}]}<\/script>\n<!-- \/ Yoast SEO plugin. -->","yoast_head_json":{"title":"Ausbildung - Heinz Herenz","robots":{"index":"index","follow":"follow","max-snippet":"max-snippet:-1","max-image-preview":"max-image-preview:large","max-video-preview":"max-video-preview:-1"},"canonical":"https:\/\/www.herenz.de\/en\/ausbildung\/","og_locale":"en_US","og_type":"article","og_title":"Ausbildung - Heinz Herenz","og_description":"Ausbildung zur Fachlagerist \/ Fachlageristin Ihre Aufgaben: Annahme von Gu\u0308tern und Pru\u0308fung der Lieferung anhand der Begleitpapiere Ein- und Auspacken von Gu\u0308tern, sortieren und lagern nach wirtschaftlichen Grunds\u00e4tzen unter Beachtung der Lagerordnung Kommissionierung und Verpacken der Gu\u0308ter fu\u0308r den Versand an den Kunden Kennzeichnung, Beschriftung und Sicherung der Sendung nach gesetzlichen Vorgaben Verladen und Verstauen... View Article","og_url":"https:\/\/www.herenz.de\/en\/ausbildung\/","og_site_name":"Heinz Herenz","article_modified_time":"2023-10-26T13:27:59+00:00","og_image":[{"url":"https:\/\/www.herenz.de\/wp-content\/uploads\/2023\/10\/stelle1.jpg","type":"","width":"","height":""}],"schema":{"@context":"https:\/\/schema.org","@graph":[{"@type":"WebPage","@id":"https:\/\/www.herenz.de\/en\/ausbildung\/","url":"https:\/\/www.herenz.de\/en\/ausbildung\/","name":"Ausbildung - Heinz Herenz","isPartOf":{"@id":"https:\/\/www.herenz.de\/en\/#website"},"primaryImageOfPage":{"@id":"https:\/\/www.herenz.de\/en\/ausbildung\/#primaryimage"},"image":{"@id":"https:\/\/www.herenz.de\/en\/ausbildung\/#primaryimage"},"thumbnailUrl":"https:\/\/www.herenz.de\/wp-content\/uploads\/2023\/10\/stelle1.jpg","datePublished":"2023-10-05T13:24:54+00:00","dateModified":"2023-10-26T13:27:59+00:00","breadcrumb":{"@id":"https:\/\/www.herenz.de\/en\/ausbildung\/#breadcrumb"},"inLanguage":"en-US","potentialAction":[{"@type":"ReadAction","target":["https:\/\/www.herenz.de\/en\/ausbildung\/"]}]},{"@type":"ImageObject","inLanguage":"en-US","@id":"https:\/\/www.herenz.de\/en\/ausbildung\/#primaryimage","url":"https:\/\/www.herenz.de\/wp-content\/uploads\/2023\/10\/stelle1.jpg","contentUrl":"https:\/\/www.herenz.de\/wp-content\/uploads\/2023\/10\/stelle1.jpg"},{"@type":"BreadcrumbList","@id":"https:\/\/www.herenz.de\/en\/ausbildung\/#breadcrumb","itemListElement":[{"@type":"ListItem","position":1,"name":"Home","item":"https:\/\/www.herenz.de\/en\/"},{"@type":"ListItem","position":2,"name":"Ausbildung"}]},{"@type":"WebSite","@id":"https:\/\/www.herenz.de\/en\/#website","url":"https:\/\/www.herenz.de\/en\/","name":"Heinz Herenz","description":"Medizinalbedarf GmbH","potentialAction":[{"@type":"SearchAction","target":{"@type":"EntryPoint","urlTemplate":"https:\/\/www.herenz.de\/en\/?s={search_term_string}"},"query-input":{"@type":"PropertyValueSpecification","valueRequired":true,"valueName":"search_term_string"}}],"inLanguage":"en-US"}]}},"_links":{"self":[{"href":"https:\/\/www.herenz.de\/en\/wp-json\/wp\/v2\/pages\/5264","targetHints":{"allow":["GET"]}}],"collection":[{"href":"https:\/\/www.herenz.de\/en\/wp-json\/wp\/v2\/pages"}],"about":[{"href":"https:\/\/www.herenz.de\/en\/wp-json\/wp\/v2\/types\/page"}],"author":[{"embeddable":true,"href":"https:\/\/www.herenz.de\/en\/wp-json\/wp\/v2\/users\/1"}],"replies":[{"embeddable":true,"href":"https:\/\/www.herenz.de\/en\/wp-json\/wp\/v2\/comments?post=5264"}],"version-history":[{"count":154,"href":"https:\/\/www.herenz.de\/en\/wp-json\/wp\/v2\/pages\/5264\/revisions"}],"predecessor-version":[{"id":5682,"href":"https:\/\/www.herenz.de\/en\/wp-json\/wp\/v2\/pages\/5264\/revisions\/5682"}],"wp:attachment":[{"href":"https:\/\/www.herenz.de\/en\/wp-json\/wp\/v2\/media?parent=5264"}],"curies":[{"name":"wp","href":"https:\/\/api.w.org\/{rel}","templated":true}]}}